{"id":2,"date":"2025-10-05T19:30:03","date_gmt":"2025-10-05T19:30:03","guid":{"rendered":"https:\/\/compassionate-tu.85-215-68-111.plesk.page\/?page_id=2"},"modified":"2025-10-14T00:50:28","modified_gmt":"2025-10-13T22:50:28","slug":"sample-page","status":"publish","type":"page","link":"https:\/\/schweinchengewerkschaft.de\/","title":{"rendered":"Start"},"content":{"rendered":"\n<p>Hi ihr lieben Acroschweinchen-Fans \u2764\ufe0f<\/p>\n\n\n\n<p>Wie bei jedem coolen Festival, gibt es nat\u00fcrlich auch ein paar Seiten, die nicht so gut laufen. Wir wollen sie gar nicht gro\u00df breit treten, daher kommen wir gleich zu dem, was man besser machen kann:<\/p>\n\n\n\n<h2 class=\"wp-block-heading\">\u270a\ud83c\udffd Forderungen<\/h2>\n\n\n\n<p><strong>Unsere Forderungen f\u00fcr das n\u00e4chste Festival im November 2025 sind:<\/strong><\/p>\n\n\n\n<pre class=\"wp-block-code\"><code>Es braucht mindest 2 Frauen und 2 M\u00e4nner im Awareness-Team, am besten mit psychosozialer Ausbildung, die in erster Linie bedarfsorientiert f\u00fcr die TeilnehmerInnenschutz, Seelsorge und Mediation da sind und von dem H\u00f6chstausgebildetsten gew\u00e4hlt und geleitet werden; Der Festivalleiter und sein Team kann, bei Bedarf, sich zus\u00e4tzlich seinen pers\u00f6nlichen Beistand wie Supervision etc. frei organisieren.<\/code><\/pre>\n\n\n\n<p><sup>8\/8 Stimmen der Umfrageteilnehmer\/innen. Darunter: Katja(Contactimpro), Anna-Maria (Seiltuch) und Boris (Website). Stand 05.10.2025<\/sup><\/p>\n\n\n\n<p><\/p>\n\n\n\n<pre class=\"wp-block-code\"><code><code>Tempeln\u00e4chte setzen psychosoziale Workshops vorraus, zumindest aber das Vorgespr\u00e4ch mit der Tempelnachtleiterin; SIE (ein Mann alleine darf kein Tempelnacht leiten!) kann sich Engel und Co. frei w\u00e4hlen, und auch \u00fcber die Workshop-Anzahl und -L\u00e4nge, sowie Teilnahme-, Titel-, Raum- &amp; Workshop-Gestaltung hat sie vorort das letzte Wort.<\/code><\/code><\/pre>\n\n\n\n<p><sup><em>7\/8 Stimmen der Umfrageteilnehmer\/innen. Darunter: Katja(Contactimpro) und Anna-Maria(Seiltuch) und  Bori<\/em>s(Website)<em>.<\/em> <em>Stand 05.10.2025<\/em><\/sup><\/p>\n\n\n\n<p>Gerne kannst du auch du deine Stimme zu den Forderungen bekunden \u270d\ud83c\udffe. Namentlich oder anonym. Schreib an <a href=\"mailto:info@schweinchengewerkschaft.de\">info@schweinchengewerkschaft.de<\/a>.<\/p>\n\n\n\n<h2 class=\"wp-block-heading\">Kontakt \/ Vernetzen<\/h2>\n\n\n\n<p>Du willst in dieser Initiative mitdiskutieren in unserer Telegram Gruppe oder hast einen Verbessungsvorschlag oder ein sonstiges Anliegen? Schreib an:  <\/p>\n\n\n\n<ul class=\"wp-block-list\">\n<li><a href=\"mailto:info@schweinchengewerkschaft.de\">info@schweinchengewerkschaft.de<\/a> oder<\/li>\n\n\n\n<li><a href=\"mailto:boris@schweinchengewerkschaft.de\">boris@schweinchengewerkschaft.de<\/a><\/li>\n<\/ul>\n\n\n\n<p><\/p>\n","protected":false},"excerpt":{"rendered":"<p>Hi ihr lieben Acroschweinchen-Fans \u2764\ufe0f Wie bei jedem coolen Festival, gibt es nat\u00fcrlich auch ein paar Seiten, die nicht so gut laufen. Wir wollen sie gar nicht gro\u00df breit treten, daher kommen wir gleich zu dem, was man besser machen kann: \u270a\ud83c\udffd Forderungen Unsere Forderungen f\u00fcr das n\u00e4chste Festival im November 2025 sind: 8\/8 Stimmen [&hellip;]<\/p>\n","protected":false},"author":1,"featured_media":0,"parent":0,"menu_order":0,"comment_status":"closed","ping_status":"open","template":"","meta":{"footnotes":""},"class_list":["post-2","page","type-page","status-publish","hentry"],"_links":{"self":[{"href":"https:\/\/schweinchengewerkschaft.de\/index.php?rest_route=\/wp\/v2\/pages\/2","targetHints":{"allow":["GET"]}}],"collection":[{"href":"https:\/\/schweinchengewerkschaft.de\/index.php?rest_route=\/wp\/v2\/pages"}],"about":[{"href":"https:\/\/schweinchengewerkschaft.de\/index.php?rest_route=\/wp\/v2\/types\/page"}],"author":[{"embeddable":true,"href":"https:\/\/schweinchengewerkschaft.de\/index.php?rest_route=\/wp\/v2\/users\/1"}],"replies":[{"embeddable":true,"href":"https:\/\/schweinchengewerkschaft.de\/index.php?rest_route=%2Fwp%2Fv2%2Fcomments&post=2"}],"version-history":[{"count":27,"href":"https:\/\/schweinchengewerkschaft.de\/index.php?rest_route=\/wp\/v2\/pages\/2\/revisions"}],"predecessor-version":[{"id":61,"href":"https:\/\/schweinchengewerkschaft.de\/index.php?rest_route=\/wp\/v2\/pages\/2\/revisions\/61"}],"wp:attachment":[{"href":"https:\/\/schweinchengewerkschaft.de\/index.php?rest_route=%2Fwp%2Fv2%2Fmedia&parent=2"}],"curies":[{"name":"wp","href":"https:\/\/api.w.org\/{rel}","templated":true}]}}